{"id":538,"date":"2020-10-25T21:33:42","date_gmt":"2020-10-25T21:33:42","guid":{"rendered":"http:\/\/healthcare-alliance.org\/akademija\/?page_id=538"},"modified":"2020-11-02T20:17:10","modified_gmt":"2020-11-02T20:17:10","slug":"o-nama","status":"publish","type":"page","link":"https:\/\/akademijaznanja.skolskaknjiga.hr\/index.php\/o-nama\/","title":{"rendered":"O NAMA"},"content":{"rendered":"<h3><span style=\"color: #ed1c24;\">AKADEMIJA ZNANJA<\/span><\/h3>\n<p><strong><b>Akademija znanja<\/b><\/strong>\u00a0certificirani je napredni program usavr\u0161avanja ekskluzivno namijenjen \u010dlanovima 5+ kluba. U njegovu je sredi\u0161tu poticanje izvrsnosti u samom prijenosu znanja, a kao predava\u010de dovodi vode\u0107e regionalne stru\u010dnjake.<\/p>\n<p>Razvojni program pru\u017ea najnovija znanja u segmentu komunikacijskih i interpersonalnih vje\u0161tina, kreativnosti, inovativnosti i menad\u017ementa te u njihovoj pragmati\u010dnoj implementaciji poti\u010du\u0107i ujedno izvrsnost i kreativnost u obrazovanju.<\/p>\n<p>Program Akademija znanja nastao je na temelju procijenjenih potreba u\u010ditelja i nastavnika te sustavnim pra\u0107enjem promjena u odgojno-obrazovnom sustavu. Ciljevi programa su pru\u017eanje dodatne podr\u0161ke profesionalnom razvoju i kompetencijama u\u010ditelja, stru\u010dnih suradnika i nastavnika radi unapre\u0111enja kvalitete nastave i uspje\u0161nijeg ostvarivanja ishoda u\u010denja te njegovo institucionalno priznavanje. Program Akademija znanja provodit \u0107e se u suradnji s Institutom za inovacije, Institutom za globalizaciju i interkulturalno u\u010denje i U\u010diteljskim fakultetom Sveu\u010dili\u0161ta u Zagrebu.<\/p>\n<p>&nbsp;<\/p>\n<h3><span style=\"color: #ed1c24;\">5+ KLUB<\/span><\/h3>\n<p><strong><b>5+ klub<\/b><\/strong>\u00a0jedinstven je i poseban klub \u0160kolske knjige za u\u010ditelje koji se koriste svim na\u0161im ud\u017ebenicima. Svi \u010dlanovi 5+ kluba imaju ekskluzivan pristup posebnim dodatnim pogodnostima i podr\u0161ci tijekom cijele godine. Uz mnogobrojne tiskane i digitalne materijale, priru\u010dnike i didakti\u010dki pribor koji je na raspolaganju \u010dlanovima kluba lak\u0161e je pripremanje i izvo\u0111enje nastave.<\/p>\n<p>&nbsp;<\/p>\n<p><strong><b>Misija 5+ kluba je zajedni\u010dki graditi sustav u\u010denja za budu\u0107nost i promicati izvrsnost u obrazovanju.<\/b><\/strong><\/p>\n<p>&nbsp;<\/p>\n<h3><span style=\"color: #ed1c24;\">\u0160KOLSKA KNJIGA<\/span><\/h3>\n<p><strong><b>\u0160kolska knjiga<\/b><\/strong>\u00a0vode\u0107i je hrvatski izdava\u010d s neprekinutom tradicijom od sedam desetlje\u0107a, a osim temeljne, izdava\u010dke djelatnosti, svoju viziju u idu\u0107em razdoblju usmjerava prema stru\u010dnoj i profesionalnoj podr\u0161ci u\u010diteljima i nastavnicima.<\/p>\n","protected":false},"excerpt":{"rendered":"<p>AKADEMIJA ZNANJA Akademija znanja\u00a0certificirani je napredni program usavr\u0161avanja ekskluzivno namijenjen \u010dlanovima 5+ kluba. U njegovu je sredi\u0161tu poticanje izvrsnosti u samom prijenosu znanja, a kao predava\u010de dovodi vode\u0107e regionalne stru\u010dnjake. Razvojni program pru\u017ea najnovija znanja u segmentu komunikacijskih i interpersonalnih vje\u0161tina, kreativnosti, inovativnosti i menad\u017ementa te u njihovoj pragmati\u010dnoj implementaciji poti\u010du\u0107i ujedno izvrsnost i kreativnost [&hellip;]<\/p>\n","protected":false},"author":2,"featured_media":0,"parent":0,"menu_order":0,"comment_status":"closed","ping_status":"closed","template":"","meta":[],"yoast_head":"<!-- This site is optimized with the Yoast SEO plugin v15.2.1 - https:\/\/yoast.com\/wordpress\/plugins\/seo\/ -->\n<meta name=\"robots\" content=\"index, follow, max-snippet:-1, max-image-preview:large, max-video-preview:-1\" \/>\n<link rel=\"canonical\" href=\"https:\/\/akademijaznanja.skolskaknjiga.hr\/index.php\/o-nama\/\" \/>\n<meta property=\"og:locale\" content=\"hr_HR\" \/>\n<meta property=\"og:type\" content=\"article\" \/>\n<meta property=\"og:title\" content=\"O NAMA - AKADEMIJA ZNANJA\" \/>\n<meta property=\"og:description\" content=\"AKADEMIJA ZNANJA Akademija znanja\u00a0certificirani je napredni program usavr\u0161avanja ekskluzivno namijenjen \u010dlanovima 5+ kluba. U njegovu je sredi\u0161tu poticanje izvrsnosti u samom prijenosu znanja, a kao predava\u010de dovodi vode\u0107e regionalne stru\u010dnjake. Razvojni program pru\u017ea najnovija znanja u segmentu komunikacijskih i interpersonalnih vje\u0161tina, kreativnosti, inovativnosti i menad\u017ementa te u njihovoj pragmati\u010dnoj implementaciji poti\u010du\u0107i ujedno izvrsnost i kreativnost [&hellip;]\" \/>\n<meta property=\"og:url\" content=\"https:\/\/akademijaznanja.skolskaknjiga.hr\/index.php\/o-nama\/\" \/>\n<meta property=\"og:site_name\" content=\"AKADEMIJA ZNANJA\" \/>\n<meta property=\"article:modified_time\" content=\"2020-11-02T20:17:10+00:00\" \/>\n<meta property=\"og:image\" content=\"https:\/\/akademijaznanja.skolskaknjiga.hr\/wp-content\/uploads\/2021\/10\/medium-shot-woman-working-with-laptop-scaled.jpg\" \/>\n\t<meta property=\"og:image:width\" content=\"2560\" \/>\n\t<meta property=\"og:image:height\" content=\"1707\" \/>\n<meta name=\"twitter:card\" content=\"summary_large_image\" \/>\n<meta name=\"twitter:label1\" content=\"Written by\">\n\t<meta name=\"twitter:data1\" content=\"akademija\">\n\t<meta name=\"twitter:label2\" content=\"Est. reading time\">\n\t<meta name=\"twitter:data2\" content=\"1 minuta\">\n<script type=\"application\/ld+json\" class=\"yoast-schema-graph\">{\"@context\":\"https:\/\/schema.org\",\"@graph\":[{\"@type\":\"WebSite\",\"@id\":\"https:\/\/akademijaznanja.skolskaknjiga.hr\/#website\",\"url\":\"https:\/\/akademijaznanja.skolskaknjiga.hr\/\",\"name\":\"AKADEMIJA ZNANJA\",\"description\":\"CERTIFICIRANI NAPREDNI PROGRAM USAVR\\u0160AVANJA ZA U\\u010cITELJE I PROFESORE\",\"potentialAction\":[{\"@type\":\"SearchAction\",\"target\":\"https:\/\/akademijaznanja.skolskaknjiga.hr\/?s={search_term_string}\",\"query-input\":\"required name=search_term_string\"}],\"inLanguage\":\"hr\"},{\"@type\":\"WebPage\",\"@id\":\"https:\/\/akademijaznanja.skolskaknjiga.hr\/index.php\/o-nama\/#webpage\",\"url\":\"https:\/\/akademijaznanja.skolskaknjiga.hr\/index.php\/o-nama\/\",\"name\":\"O NAMA - AKADEMIJA ZNANJA\",\"isPartOf\":{\"@id\":\"https:\/\/akademijaznanja.skolskaknjiga.hr\/#website\"},\"datePublished\":\"2020-10-25T21:33:42+00:00\",\"dateModified\":\"2020-11-02T20:17:10+00:00\",\"inLanguage\":\"hr\",\"potentialAction\":[{\"@type\":\"ReadAction\",\"target\":[\"https:\/\/akademijaznanja.skolskaknjiga.hr\/index.php\/o-nama\/\"]}]}]}<\/script>\n<!-- \/ Yoast SEO plugin. -->","_links":{"self":[{"href":"https:\/\/akademijaznanja.skolskaknjiga.hr\/index.php\/wp-json\/wp\/v2\/pages\/538"}],"collection":[{"href":"https:\/\/akademijaznanja.skolskaknjiga.hr\/index.php\/wp-json\/wp\/v2\/pages"}],"about":[{"href":"https:\/\/akademijaznanja.skolskaknjiga.hr\/index.php\/wp-json\/wp\/v2\/types\/page"}],"author":[{"embeddable":true,"href":"https:\/\/akademijaznanja.skolskaknjiga.hr\/index.php\/wp-json\/wp\/v2\/users\/2"}],"replies":[{"embeddable":true,"href":"https:\/\/akademijaznanja.skolskaknjiga.hr\/index.php\/wp-json\/wp\/v2\/comments?post=538"}],"version-history":[{"count":12,"href":"https:\/\/akademijaznanja.skolskaknjiga.hr\/index.php\/wp-json\/wp\/v2\/pages\/538\/revisions"}],"predecessor-version":[{"id":799,"href":"https:\/\/akademijaznanja.skolskaknjiga.hr\/index.php\/wp-json\/wp\/v2\/pages\/538\/revisions\/799"}],"wp:attachment":[{"href":"https:\/\/akademijaznanja.skolskaknjiga.hr\/index.php\/wp-json\/wp\/v2\/media?parent=538"}],"curies":[{"name":"wp","href":"https:\/\/api.w.org\/{rel}","templated":true}]}}