{"id":53,"date":"2013-12-21T13:03:13","date_gmt":"2013-12-21T13:03:13","guid":{"rendered":"http:\/\/eventmanagerblog.com\/event-wordpress-theme-vertoh\/?page_id=53"},"modified":"2026-01-13T09:08:11","modified_gmt":"2026-01-13T09:08:11","slug":"predavaci","status":"publish","type":"page","link":"https:\/\/akademijaznanja.skolskaknjiga.hr\/index.php\/predavaci\/","title":{"rendered":"PREDAVA\u010cI"},"content":{"rendered":"<p>Akademija znanja certificirani je napredni program usavr\u0161avanja ekskluzivno namijenjen \u010dlanovima 5+ kluba. U njegovu je sredi\u0161tu poticanje izvrsnosti u samom prijenosu znanja, a kao predava\u010de dovodi vode\u0107e regionalne stru\u010dnjake.<\/p>\n<p>Polaznicima razvojni program pru\u017ea najnovija znanja u segmentu komunikacijskih i interpersonalnih vje\u0161tina, kreativnosti, inovativnosti i menad\u017ementa te u njihovoj pragmati\u010dnoj implementaciji poti\u010du\u0107i ujedno izvrsnost i kreativnost u obrazovanju.<\/p>\n\n\n<p><\/p>\n","protected":false},"excerpt":{"rendered":"<p>Akademija znanja certificirani je napredni program usavr\u0161avanja ekskluzivno namijenjen \u010dlanovima 5+ kluba. U njegovu je sredi\u0161tu poticanje izvrsnosti u samom prijenosu znanja, a kao predava\u010de dovodi vode\u0107e regionalne stru\u010dnjake. Polaznicima razvojni program pru\u017ea najnovija znanja u segmentu komunikacijskih i interpersonalnih vje\u0161tina, kreativnosti, inovativnosti i menad\u017ementa te u njihovoj pragmati\u010dnoj implementaciji poti\u010du\u0107i ujedno izvrsnost i kreativnost [&hellip;]<\/p>\n","protected":false},"author":2,"featured_media":0,"parent":0,"menu_order":0,"comment_status":"open","ping_status":"closed","template":"speakers.php","meta":[],"yoast_head":"<!-- This site is optimized with the Yoast SEO plugin v15.2.1 - https:\/\/yoast.com\/wordpress\/plugins\/seo\/ -->\n<meta name=\"robots\" content=\"index, follow, max-snippet:-1, max-image-preview:large, max-video-preview:-1\" \/>\n<link rel=\"canonical\" href=\"https:\/\/akademijaznanja.skolskaknjiga.hr\/index.php\/predavaci\/\" \/>\n<meta property=\"og:locale\" content=\"hr_HR\" \/>\n<meta property=\"og:type\" content=\"article\" \/>\n<meta property=\"og:title\" content=\"PREDAVA\u010cI - AKADEMIJA ZNANJA\" \/>\n<meta property=\"og:description\" content=\"Akademija znanja certificirani je napredni program usavr\u0161avanja ekskluzivno namijenjen \u010dlanovima 5+ kluba. U njegovu je sredi\u0161tu poticanje izvrsnosti u samom prijenosu znanja, a kao predava\u010de dovodi vode\u0107e regionalne stru\u010dnjake. Polaznicima razvojni program pru\u017ea najnovija znanja u segmentu komunikacijskih i interpersonalnih vje\u0161tina, kreativnosti, inovativnosti i menad\u017ementa te u njihovoj pragmati\u010dnoj implementaciji poti\u010du\u0107i ujedno izvrsnost i kreativnost [&hellip;]\" \/>\n<meta property=\"og:url\" content=\"https:\/\/akademijaznanja.skolskaknjiga.hr\/index.php\/predavaci\/\" \/>\n<meta property=\"og:site_name\" content=\"AKADEMIJA ZNANJA\" \/>\n<meta property=\"article:modified_time\" content=\"2026-01-13T09:08:11+00:00\" \/>\n<meta property=\"og:image\" content=\"https:\/\/akademijaznanja.skolskaknjiga.hr\/wp-content\/uploads\/2021\/10\/medium-shot-woman-working-with-laptop-scaled.jpg\" \/>\n\t<meta property=\"og:image:width\" content=\"2560\" \/>\n\t<meta property=\"og:image:height\" content=\"1707\" \/>\n<meta name=\"twitter:card\" content=\"summary_large_image\" \/>\n<meta name=\"twitter:label1\" content=\"Written by\">\n\t<meta name=\"twitter:data1\" content=\"akademija\">\n\t<meta name=\"twitter:label2\" content=\"Est. reading time\">\n\t<meta name=\"twitter:data2\" content=\"0 minuta\">\n<script type=\"application\/ld+json\" class=\"yoast-schema-graph\">{\"@context\":\"https:\/\/schema.org\",\"@graph\":[{\"@type\":\"WebSite\",\"@id\":\"https:\/\/akademijaznanja.skolskaknjiga.hr\/#website\",\"url\":\"https:\/\/akademijaznanja.skolskaknjiga.hr\/\",\"name\":\"AKADEMIJA ZNANJA\",\"description\":\"CERTIFICIRANI NAPREDNI PROGRAM USAVR\\u0160AVANJA ZA U\\u010cITELJE I PROFESORE\",\"potentialAction\":[{\"@type\":\"SearchAction\",\"target\":\"https:\/\/akademijaznanja.skolskaknjiga.hr\/?s={search_term_string}\",\"query-input\":\"required name=search_term_string\"}],\"inLanguage\":\"hr\"},{\"@type\":\"WebPage\",\"@id\":\"https:\/\/akademijaznanja.skolskaknjiga.hr\/index.php\/predavaci\/#webpage\",\"url\":\"https:\/\/akademijaznanja.skolskaknjiga.hr\/index.php\/predavaci\/\",\"name\":\"PREDAVA\\u010cI - AKADEMIJA ZNANJA\",\"isPartOf\":{\"@id\":\"https:\/\/akademijaznanja.skolskaknjiga.hr\/#website\"},\"datePublished\":\"2013-12-21T13:03:13+00:00\",\"dateModified\":\"2026-01-13T09:08:11+00:00\",\"inLanguage\":\"hr\",\"potentialAction\":[{\"@type\":\"ReadAction\",\"target\":[\"https:\/\/akademijaznanja.skolskaknjiga.hr\/index.php\/predavaci\/\"]}]}]}<\/script>\n<!-- \/ Yoast SEO plugin. -->","_links":{"self":[{"href":"https:\/\/akademijaznanja.skolskaknjiga.hr\/index.php\/wp-json\/wp\/v2\/pages\/53"}],"collection":[{"href":"https:\/\/akademijaznanja.skolskaknjiga.hr\/index.php\/wp-json\/wp\/v2\/pages"}],"about":[{"href":"https:\/\/akademijaznanja.skolskaknjiga.hr\/index.php\/wp-json\/wp\/v2\/types\/page"}],"author":[{"embeddable":true,"href":"https:\/\/akademijaznanja.skolskaknjiga.hr\/index.php\/wp-json\/wp\/v2\/users\/2"}],"replies":[{"embeddable":true,"href":"https:\/\/akademijaznanja.skolskaknjiga.hr\/index.php\/wp-json\/wp\/v2\/comments?post=53"}],"version-history":[{"count":6,"href":"https:\/\/akademijaznanja.skolskaknjiga.hr\/index.php\/wp-json\/wp\/v2\/pages\/53\/revisions"}],"predecessor-version":[{"id":1057,"href":"https:\/\/akademijaznanja.skolskaknjiga.hr\/index.php\/wp-json\/wp\/v2\/pages\/53\/revisions\/1057"}],"wp:attachment":[{"href":"https:\/\/akademijaznanja.skolskaknjiga.hr\/index.php\/wp-json\/wp\/v2\/media?parent=53"}],"curies":[{"name":"wp","href":"https:\/\/api.w.org\/{rel}","templated":true}]}}